{"id":97,"date":"2024-03-31T19:37:05","date_gmt":"2024-03-31T19:37:05","guid":{"rendered":"https:\/\/clinicaplexus.com.br\/?page_id=97"},"modified":"2024-05-14T12:12:54","modified_gmt":"2024-05-14T12:12:54","slug":"quem-somos","status":"publish","type":"page","link":"https:\/\/clinicaplexus.com.br\/index.php\/quem-somos\/","title":{"rendered":"Quem somos"},"content":{"rendered":"\t\t<div data-elementor-type=\"wp-page\" data-elementor-id=\"97\" class=\"elementor elementor-97\" data-elementor-post-type=\"page\">\n\t\t\t\t<div class=\"elementor-element elementor-element-51c72c2 e-flex e-con-boxed wpr-particle-no wpr-jarallax-no wpr-parallax-no wpr-sticky-section-no wpr-equal-height-no e-con e-parent\" data-id=\"51c72c2\" data-element_type=\"container\" data-settings=\"{&quot;background_background&quot;:&quot;classic&quot;,&quot;shape_divider_bottom&quot;:&quot;waves&quot;}\">\n\t\t\t\t\t<div class=\"e-con-inner\">\n\t\t\t\t<div class=\"elementor-shape elementor-shape-bottom\" aria-hidden=\"true\" data-negative=\"false\">\n\t\t\t<svg xmlns=\"http:\/\/www.w3.org\/2000\/svg\" viewBox=\"0 0 1000 100\" preserveAspectRatio=\"none\">\n\t<path class=\"elementor-shape-fill\" d=\"M421.9,6.5c22.6-2.5,51.5,0.4,75.5,5.3c23.6,4.9,70.9,23.5,100.5,35.7c75.8,32.2,133.7,44.5,192.6,49.7\n\tc23.6,2.1,48.7,3.5,103.4-2.5c54.7-6,106.2-25.6,106.2-25.6V0H0v30.3c0,0,72,32.6,158.4,30.5c39.2-0.7,92.8-6.7,134-22.4\n\tc21.2-8.1,52.2-18.2,79.7-24.2C399.3,7.9,411.6,7.5,421.9,6.5z\"\/>\n<\/svg>\t\t<\/div>\n\t\t\t\t\t<\/div>\n\t\t\t\t<\/div>\n\t\t<div class=\"elementor-element elementor-element-5aeb13e e-flex e-con-boxed wpr-particle-no wpr-jarallax-no wpr-parallax-no wpr-sticky-section-no wpr-equal-height-no e-con e-parent\" data-id=\"5aeb13e\" data-element_type=\"container\">\n\t\t\t\t\t<div class=\"e-con-inner\">\n\t\t\t\t<div class=\"elementor-element elementor-element-e216631 elementor-widget__width-initial elementor-widget-mobile__width-initial elementor-widget elementor-widget-image\" data-id=\"e216631\" data-element_type=\"widget\" data-widget_type=\"image.default\">\n\t\t\t\t<div class=\"elementor-widget-container\">\n\t\t\t\t\t\t\t\t\t\t\t\t\t\t\t<img fetchpriority=\"high\" decoding=\"async\" width=\"547\" height=\"369\" src=\"https:\/\/clinicaplexus.com.br\/wp-content\/uploads\/2024\/04\/dr1.webp\" class=\"attachment-full size-full wp-image-160\" alt=\"\" srcset=\"https:\/\/clinicaplexus.com.br\/wp-content\/uploads\/2024\/04\/dr1.webp 547w, https:\/\/clinicaplexus.com.br\/wp-content\/uploads\/2024\/04\/dr1-300x202.webp 300w\" sizes=\"(max-width: 547px) 100vw, 547px\" \/>\t\t\t\t\t\t\t\t\t\t\t\t\t\t\t<\/div>\n\t\t\t\t<\/div>\n\t\t<div class=\"elementor-element elementor-element-b179ae4 e-con-full e-flex wpr-particle-no wpr-jarallax-no wpr-parallax-no wpr-sticky-section-no wpr-equal-height-no e-con e-child\" data-id=\"b179ae4\" data-element_type=\"container\">\n\t\t\t\t<div class=\"elementor-element elementor-element-61e6391 elementor-widget elementor-widget-heading\" data-id=\"61e6391\" data-element_type=\"widget\" data-widget_type=\"heading.default\">\n\t\t\t\t<div class=\"elementor-widget-container\">\n\t\t\t\t\t<h6 class=\"elementor-heading-title elementor-size-default\">QUEM SOMOS<\/h6>\t\t\t\t<\/div>\n\t\t\t\t<\/div>\n\t\t\t\t<div class=\"elementor-element elementor-element-6ca6637 elementor-widget elementor-widget-heading\" data-id=\"6ca6637\" data-element_type=\"widget\" data-widget_type=\"heading.default\">\n\t\t\t\t<div class=\"elementor-widget-container\">\n\t\t\t\t\t<h2 class=\"elementor-heading-title elementor-size-default\">Dra. Simone de Paula Dillenburg<\/h2>\t\t\t\t<\/div>\n\t\t\t\t<\/div>\n\t\t\t\t<div class=\"elementor-element elementor-element-3439887 elementor-widget elementor-widget-text-editor\" data-id=\"3439887\" data-element_type=\"widget\" data-widget_type=\"text-editor.default\">\n\t\t\t\t<div class=\"elementor-widget-container\">\n\t\t\t\t\t\t\t\t\t<p>Fisioterapeuta CREFITO 5 70678-F<\/p><p><span style=\"font-weight: 400;\">Fisioterapeuta, Mestre e Doutora em Ci\u00eancias da Sa\u00fade pela PUCRS. Forma\u00e7\u00e3o no Conceito Neuroevolutivo Bobath e em Tecnologia Assistiva. \u00c9 especialista em Fisioterapia Neurofuncional pelo Conselho Federal de Fisioterapia e Especialista em Reabilita\u00e7\u00e3o dos Membros Superiores pela USP (S\u00e3o Paulo). Atualmente \u00e9 professora do Curso de Fisioterapia da Universidade Feevale. \u00c9 membro aspirante da Sociedade Brasileira de Terapia da M\u00e3o com vasta forma\u00e7\u00e3o na \u00e1rea de \u00d3rteses e Reabilita\u00e7\u00e3o da M\u00e3o, Cotovelo e Ombro. S\u00f3cia-Propriet\u00e1ria <\/span>da\u00a0<span style=\"font-weight: 400;\">Plexus.<\/span><\/p>\t\t\t\t\t\t\t\t<\/div>\n\t\t\t\t<\/div>\n\t\t\t\t<\/div>\n\t\t\t\t\t<\/div>\n\t\t\t\t<\/div>\n\t\t<div class=\"elementor-element elementor-element-ae4106b e-flex e-con-boxed wpr-particle-no wpr-jarallax-no wpr-parallax-no wpr-sticky-section-no wpr-equal-height-no e-con e-parent\" data-id=\"ae4106b\" data-element_type=\"container\">\n\t\t\t\t\t<div class=\"e-con-inner\">\n\t\t\t\t<div class=\"elementor-element elementor-element-ad10f8f elementor-widget__width-initial elementor-widget-mobile__width-initial elementor-widget elementor-widget-image\" data-id=\"ad10f8f\" data-element_type=\"widget\" data-widget_type=\"image.default\">\n\t\t\t\t<div class=\"elementor-widget-container\">\n\t\t\t\t\t\t\t\t\t\t\t\t\t\t\t<img decoding=\"async\" width=\"547\" height=\"369\" src=\"https:\/\/clinicaplexus.com.br\/wp-content\/uploads\/2024\/04\/dr2.webp\" class=\"attachment-full size-full wp-image-162\" alt=\"\" srcset=\"https:\/\/clinicaplexus.com.br\/wp-content\/uploads\/2024\/04\/dr2.webp 547w, https:\/\/clinicaplexus.com.br\/wp-content\/uploads\/2024\/04\/dr2-300x202.webp 300w\" sizes=\"(max-width: 547px) 100vw, 547px\" \/>\t\t\t\t\t\t\t\t\t\t\t\t\t\t\t<\/div>\n\t\t\t\t<\/div>\n\t\t<div class=\"elementor-element elementor-element-faed35f e-con-full e-flex wpr-particle-no wpr-jarallax-no wpr-parallax-no wpr-sticky-section-no wpr-equal-height-no e-con e-child\" data-id=\"faed35f\" data-element_type=\"container\">\n\t\t\t\t<div class=\"elementor-element elementor-element-73d16e4 elementor-widget elementor-widget-heading\" data-id=\"73d16e4\" data-element_type=\"widget\" data-widget_type=\"heading.default\">\n\t\t\t\t<div class=\"elementor-widget-container\">\n\t\t\t\t\t<h6 class=\"elementor-heading-title elementor-size-default\">QUEM SOMOS<\/h6>\t\t\t\t<\/div>\n\t\t\t\t<\/div>\n\t\t\t\t<div class=\"elementor-element elementor-element-9202fe3 elementor-widget elementor-widget-heading\" data-id=\"9202fe3\" data-element_type=\"widget\" data-widget_type=\"heading.default\">\n\t\t\t\t<div class=\"elementor-widget-container\">\n\t\t\t\t\t<h2 class=\"elementor-heading-title elementor-size-default\">Dra. Eduarda Baggio Reinhart<\/h2>\t\t\t\t<\/div>\n\t\t\t\t<\/div>\n\t\t\t\t<div class=\"elementor-element elementor-element-f7603a2 elementor-widget elementor-widget-text-editor\" data-id=\"f7603a2\" data-element_type=\"widget\" data-widget_type=\"text-editor.default\">\n\t\t\t\t<div class=\"elementor-widget-container\">\n\t\t\t\t\t\t\t\t\t<p>Fisioterapeuta CREFITO 5 370784-F<\/p>\n<p><span style=\"font-weight: 400;\">P\u00f3s-graduada em Reabilita\u00e7\u00e3o dos Membros Superiores (USP). Tem forma\u00e7\u00e3o em Pilates, Dry Needling (agulhamento a seco) e Libera\u00e7\u00e3o Miofascial, al\u00e9m de diversos cursos na \u00e1rea traumato-ortop\u00e9dica e de reabilita\u00e7\u00e3o da M\u00e3o, Cotovelo e Ombro. Aluna com reconhecimento de M\u00e9rito Acad\u00eamico pelo melhor desempenho durante a sua gradua\u00e7\u00e3o. S\u00f3cia-Propriet\u00e1ria <\/span>da <span style=\"font-weight: 400;\">Plexus.<\/span><\/p>\t\t\t\t\t\t\t\t<\/div>\n\t\t\t\t<\/div>\n\t\t\t\t<\/div>\n\t\t\t\t\t<\/div>\n\t\t\t\t<\/div>\n\t\t\t\t<\/div>\n\t\t","protected":false},"excerpt":{"rendered":"<p>QUEM SOMOS Dra. Simone de Paula Dillenburg Fisioterapeuta CREFITO 5 70678-F Fisioterapeuta, Mestre e Doutora em Ci\u00eancias da Sa\u00fade pela PUCRS. Forma\u00e7\u00e3o no Conceito Neuroevolutivo Bobath e em Tecnologia Assistiva. \u00c9 especialista em Fisioterapia Neurofuncional pelo Conselho Federal de Fisioterapia e Especialista em Reabilita\u00e7\u00e3o dos Membros Superiores pela USP (S\u00e3o Paulo). Atualmente \u00e9 professora do Curso de Fisioterapia da Universidade Feevale. \u00c9 membro aspirante da Sociedade Brasileira de Terapia da M\u00e3o com vasta forma\u00e7\u00e3o na \u00e1rea de \u00d3rteses e Reabilita\u00e7\u00e3o da M\u00e3o, Cotovelo e Ombro. S\u00f3cia-Propriet\u00e1ria da\u00a0Plexus. QUEM SOMOS Dra. Eduarda Baggio Reinhart Fisioterapeuta CREFITO 5 370784-F P\u00f3s-graduada em Reabilita\u00e7\u00e3o dos Membros Superiores (USP). Tem forma\u00e7\u00e3o em Pilates, Dry Needling (agulhamento a seco) e Libera\u00e7\u00e3o Miofascial, al\u00e9m de diversos cursos na \u00e1rea traumato-ortop\u00e9dica e de reabilita\u00e7\u00e3o da M\u00e3o, Cotovelo e Ombro. Aluna com reconhecimento de M\u00e9rito Acad\u00eamico pelo melhor desempenho durante a sua gradua\u00e7\u00e3o. S\u00f3cia-Propriet\u00e1ria da Plexus.<\/p>\n","protected":false},"author":1,"featured_media":0,"parent":0,"menu_order":0,"comment_status":"closed","ping_status":"closed","template":"","meta":{"footnotes":""},"aioseo_notices":[],"_links":{"self":[{"href":"https:\/\/clinicaplexus.com.br\/index.php\/wp-json\/wp\/v2\/pages\/97"}],"collection":[{"href":"https:\/\/clinicaplexus.com.br\/index.php\/wp-json\/wp\/v2\/pages"}],"about":[{"href":"https:\/\/clinicaplexus.com.br\/index.php\/wp-json\/wp\/v2\/types\/page"}],"author":[{"embeddable":true,"href":"https:\/\/clinicaplexus.com.br\/index.php\/wp-json\/wp\/v2\/users\/1"}],"replies":[{"embeddable":true,"href":"https:\/\/clinicaplexus.com.br\/index.php\/wp-json\/wp\/v2\/comments?post=97"}],"version-history":[{"count":40,"href":"https:\/\/clinicaplexus.com.br\/index.php\/wp-json\/wp\/v2\/pages\/97\/revisions"}],"predecessor-version":[{"id":424,"href":"https:\/\/clinicaplexus.com.br\/index.php\/wp-json\/wp\/v2\/pages\/97\/revisions\/424"}],"wp:attachment":[{"href":"https:\/\/clinicaplexus.com.br\/index.php\/wp-json\/wp\/v2\/media?parent=97"}],"curies":[{"name":"wp","href":"https:\/\/api.w.org\/{rel}","templated":true}]}}